{"id":553,"date":"2021-11-02T08:55:26","date_gmt":"2021-11-02T08:55:26","guid":{"rendered":"https:\/\/demo.athemes.com\/sydney-main\/?page_id=553"},"modified":"2023-02-14T03:18:17","modified_gmt":"2023-02-14T03:18:17","slug":"contact","status":"publish","type":"page","link":"https:\/\/sitio.mundobursatil.net\/index.php\/contact\/","title":{"rendered":"Contact"},"content":{"rendered":"\t\t<div data-elementor-type=\"wp-page\" data-elementor-id=\"553\" class=\"elementor elementor-553\">\n\t\t\t\t\t\t\t\t\t<section class=\"elementor-section elementor-top-section elementor-element elementor-element-acb4d0b elementor-section-content-middle elementor-section-boxed elementor-section-height-default elementor-section-height-default\" data-id=\"acb4d0b\" data-element_type=\"section\">\n\t\t\t\t\t\t<div class=\"elementor-container elementor-column-gap-default\">\n\t\t\t\t\t<div class=\"elementor-column elementor-col-50 elementor-top-column elementor-element elementor-element-8f4b021\" data-id=\"8f4b021\" data-element_type=\"column\">\n\t\t\t<div class=\"elementor-widget-wrap elementor-element-populated\">\n\t\t\t\t\t\t\t\t<div class=\"elementor-element elementor-element-f60779a elementor-widget elementor-widget-heading\" data-id=\"f60779a\" data-element_type=\"widget\" data-widget_type=\"heading.default\">\n\t\t\t\t<div class=\"elementor-widget-container\">\n\t\t\t<style>\/*! elementor - v3.10.2 - 29-01-2023 *\/\n.elementor-heading-title{padding:0;margin:0;line-height:1}.elementor-widget-heading .elementor-heading-title[class*=elementor-size-]>a{color:inherit;font-size:inherit;line-height:inherit}.elementor-widget-heading .elementor-heading-title.elementor-size-small{font-size:15px}.elementor-widget-heading .elementor-heading-title.elementor-size-medium{font-size:19px}.elementor-widget-heading .elementor-heading-title.elementor-size-large{font-size:29px}.elementor-widget-heading .elementor-heading-title.elementor-size-xl{font-size:39px}.elementor-widget-heading .elementor-heading-title.elementor-size-xxl{font-size:59px}<\/style><h2 class=\"elementor-heading-title elementor-size-default\">Cont\u00e1ctenos<\/h2>\t\t<\/div>\n\t\t\t\t<\/div>\n\t\t\t\t\t<\/div>\n\t\t<\/div>\n\t\t\t\t<div class=\"elementor-column elementor-col-50 elementor-top-column elementor-element elementor-element-3f5ebc8\" data-id=\"3f5ebc8\" data-element_type=\"column\">\n\t\t\t<div class=\"elementor-widget-wrap elementor-element-populated\">\n\t\t\t\t\t\t\t\t<div class=\"elementor-element elementor-element-e7bd965 elementor-widget elementor-widget-text-editor\" data-id=\"e7bd965\" data-element_type=\"widget\" data-widget_type=\"text-editor.default\">\n\t\t\t\t<div class=\"elementor-widget-container\">\n\t\t\t<style>\/*! elementor - v3.10.2 - 29-01-2023 *\/\n.elementor-widget-text-editor.elementor-drop-cap-view-stacked .elementor-drop-cap{background-color:#818a91;color:#fff}.elementor-widget-text-editor.elementor-drop-cap-view-framed .elementor-drop-cap{color:#818a91;border:3px solid;background-color:transparent}.elementor-widget-text-editor:not(.elementor-drop-cap-view-default) .elementor-drop-cap{margin-top:8px}.elementor-widget-text-editor:not(.elementor-drop-cap-view-default) .elementor-drop-cap-letter{width:1em;height:1em}.elementor-widget-text-editor .elementor-drop-cap{float:left;text-align:center;line-height:1;font-size:50px}.elementor-widget-text-editor .elementor-drop-cap-letter{display:inline-block}<\/style>\t\t\t\t<p style=\"margin: 0;\">Comentarios o Preguntas son bienvenidos.<\/p>\t\t\t\t\t\t<\/div>\n\t\t\t\t<\/div>\n\t\t\t\t\t<\/div>\n\t\t<\/div>\n\t\t\t\t\t\t\t<\/div>\n\t\t<\/section>\n\t\t\t\t<section class=\"elementor-section elementor-top-section elementor-element elementor-element-aa2a30a elementor-section-boxed elementor-section-height-default elementor-section-height-default\" data-id=\"aa2a30a\" data-element_type=\"section\">\n\t\t\t\t\t\t<div class=\"elementor-container elementor-column-gap-default\">\n\t\t\t\t\t<div class=\"elementor-column elementor-col-33 elementor-top-column elementor-element elementor-element-0e3b841\" data-id=\"0e3b841\" data-element_type=\"column\">\n\t\t\t<div class=\"elementor-widget-wrap elementor-element-populated\">\n\t\t\t\t\t\t\t\t<div class=\"elementor-element elementor-element-f51b1ef elementor-widget elementor-widget-heading\" data-id=\"f51b1ef\" data-element_type=\"widget\" data-widget_type=\"heading.default\">\n\t\t\t\t<div class=\"elementor-widget-container\">\n\t\t\t<h6 class=\"elementor-heading-title elementor-size-default\">Email<\/h6>\t\t<\/div>\n\t\t\t\t<\/div>\n\t\t\t\t<div class=\"elementor-element elementor-element-f53ad6f elementor-widget elementor-widget-heading\" data-id=\"f53ad6f\" data-element_type=\"widget\" data-widget_type=\"heading.default\">\n\t\t\t\t<div class=\"elementor-widget-container\">\n\t\t\t<h6 class=\"elementor-heading-title elementor-size-default\">mundo@mundobursatil.net<\/h6>\t\t<\/div>\n\t\t\t\t<\/div>\n\t\t\t\t\t<\/div>\n\t\t<\/div>\n\t\t\t\t<div class=\"elementor-column elementor-col-33 elementor-top-column elementor-element elementor-element-23552b0\" data-id=\"23552b0\" data-element_type=\"column\">\n\t\t\t<div class=\"elementor-widget-wrap elementor-element-populated\">\n\t\t\t\t\t\t\t\t<div class=\"elementor-element elementor-element-e48f864 elementor-widget elementor-widget-heading\" data-id=\"e48f864\" data-element_type=\"widget\" data-widget_type=\"heading.default\">\n\t\t\t\t<div class=\"elementor-widget-container\">\n\t\t\t<h6 class=\"elementor-heading-title elementor-size-default\">DIRECCION<\/h6>\t\t<\/div>\n\t\t\t\t<\/div>\n\t\t\t\t<div class=\"elementor-element elementor-element-4b2e95a elementor-widget elementor-widget-heading\" data-id=\"4b2e95a\" data-element_type=\"widget\" data-widget_type=\"heading.default\">\n\t\t\t\t<div class=\"elementor-widget-container\">\n\t\t\t<h6 class=\"elementor-heading-title elementor-size-default\">Av. Corrientes 311 Piso 13 Buenos Aires Argentina\nTel: 5411 4393 - 0700<\/h6>\t\t<\/div>\n\t\t\t\t<\/div>\n\t\t\t\t\t<\/div>\n\t\t<\/div>\n\t\t\t\t<div class=\"elementor-column elementor-col-33 elementor-top-column elementor-element elementor-element-54eeb6f\" data-id=\"54eeb6f\" data-element_type=\"column\">\n\t\t\t<div class=\"elementor-widget-wrap elementor-element-populated\">\n\t\t\t\t\t\t\t\t<div class=\"elementor-element elementor-element-77a85cd elementor-widget elementor-widget-heading\" data-id=\"77a85cd\" data-element_type=\"widget\" data-widget_type=\"heading.default\">\n\t\t\t\t<div class=\"elementor-widget-container\">\n\t\t\t<h6 class=\"elementor-heading-title elementor-size-default\">Social<\/h6>\t\t<\/div>\n\t\t\t\t<\/div>\n\t\t\t\t<div class=\"elementor-element elementor-element-f047336 e-grid-align-left elementor-shape-rounded elementor-grid-0 elementor-widget elementor-widget-social-icons\" data-id=\"f047336\" data-element_type=\"widget\" data-widget_type=\"social-icons.default\">\n\t\t\t\t<div class=\"elementor-widget-container\">\n\t\t\t<style>\/*! elementor - v3.10.2 - 29-01-2023 *\/\n.elementor-widget-social-icons.elementor-grid-0 .elementor-widget-container,.elementor-widget-social-icons.elementor-grid-mobile-0 .elementor-widget-container,.elementor-widget-social-icons.elementor-grid-tablet-0 .elementor-widget-container{line-height:1;font-size:0}.elementor-widget-social-icons:not(.elementor-grid-0):not(.elementor-grid-tablet-0):not(.elementor-grid-mobile-0) .elementor-grid{display:inline-grid}.elementor-widget-social-icons .elementor-grid{grid-column-gap:var(--grid-column-gap,5px);grid-row-gap:var(--grid-row-gap,5px);grid-template-columns:var(--grid-template-columns);justify-content:var(--justify-content,center);justify-items:var(--justify-content,center)}.elementor-icon.elementor-social-icon{font-size:var(--icon-size,25px);line-height:var(--icon-size,25px);width:calc(var(--icon-size, 25px) + (2 * var(--icon-padding, .5em)));height:calc(var(--icon-size, 25px) + (2 * var(--icon-padding, .5em)))}.elementor-social-icon{--e-social-icon-icon-color:#fff;display:inline-flex;background-color:#818a91;align-items:center;justify-content:center;text-align:center;cursor:pointer}.elementor-social-icon i{color:var(--e-social-icon-icon-color)}.elementor-social-icon svg{fill:var(--e-social-icon-icon-color)}.elementor-social-icon:last-child{margin:0}.elementor-social-icon:hover{opacity:.9;color:#fff}.elementor-social-icon-android{background-color:#a4c639}.elementor-social-icon-apple{background-color:#999}.elementor-social-icon-behance{background-color:#1769ff}.elementor-social-icon-bitbucket{background-color:#205081}.elementor-social-icon-codepen{background-color:#000}.elementor-social-icon-delicious{background-color:#39f}.elementor-social-icon-deviantart{background-color:#05cc47}.elementor-social-icon-digg{background-color:#005be2}.elementor-social-icon-dribbble{background-color:#ea4c89}.elementor-social-icon-elementor{background-color:#d30c5c}.elementor-social-icon-envelope{background-color:#ea4335}.elementor-social-icon-facebook,.elementor-social-icon-facebook-f{background-color:#3b5998}.elementor-social-icon-flickr{background-color:#0063dc}.elementor-social-icon-foursquare{background-color:#2d5be3}.elementor-social-icon-free-code-camp,.elementor-social-icon-freecodecamp{background-color:#006400}.elementor-social-icon-github{background-color:#333}.elementor-social-icon-gitlab{background-color:#e24329}.elementor-social-icon-globe{background-color:#818a91}.elementor-social-icon-google-plus,.elementor-social-icon-google-plus-g{background-color:#dd4b39}.elementor-social-icon-houzz{background-color:#7ac142}.elementor-social-icon-instagram{background-color:#262626}.elementor-social-icon-jsfiddle{background-color:#487aa2}.elementor-social-icon-link{background-color:#818a91}.elementor-social-icon-linkedin,.elementor-social-icon-linkedin-in{background-color:#0077b5}.elementor-social-icon-medium{background-color:#00ab6b}.elementor-social-icon-meetup{background-color:#ec1c40}.elementor-social-icon-mixcloud{background-color:#273a4b}.elementor-social-icon-odnoklassniki{background-color:#f4731c}.elementor-social-icon-pinterest{background-color:#bd081c}.elementor-social-icon-product-hunt{background-color:#da552f}.elementor-social-icon-reddit{background-color:#ff4500}.elementor-social-icon-rss{background-color:#f26522}.elementor-social-icon-shopping-cart{background-color:#4caf50}.elementor-social-icon-skype{background-color:#00aff0}.elementor-social-icon-slideshare{background-color:#0077b5}.elementor-social-icon-snapchat{background-color:#fffc00}.elementor-social-icon-soundcloud{background-color:#f80}.elementor-social-icon-spotify{background-color:#2ebd59}.elementor-social-icon-stack-overflow{background-color:#fe7a15}.elementor-social-icon-steam{background-color:#00adee}.elementor-social-icon-stumbleupon{background-color:#eb4924}.elementor-social-icon-telegram{background-color:#2ca5e0}.elementor-social-icon-thumb-tack{background-color:#1aa1d8}.elementor-social-icon-tripadvisor{background-color:#589442}.elementor-social-icon-tumblr{background-color:#35465c}.elementor-social-icon-twitch{background-color:#6441a5}.elementor-social-icon-twitter{background-color:#1da1f2}.elementor-social-icon-viber{background-color:#665cac}.elementor-social-icon-vimeo{background-color:#1ab7ea}.elementor-social-icon-vk{background-color:#45668e}.elementor-social-icon-weibo{background-color:#dd2430}.elementor-social-icon-weixin{background-color:#31a918}.elementor-social-icon-whatsapp{background-color:#25d366}.elementor-social-icon-wordpress{background-color:#21759b}.elementor-social-icon-xing{background-color:#026466}.elementor-social-icon-yelp{background-color:#af0606}.elementor-social-icon-youtube{background-color:#cd201f}.elementor-social-icon-500px{background-color:#0099e5}.elementor-shape-rounded .elementor-icon.elementor-social-icon{border-radius:10%}.elementor-shape-circle .elementor-icon.elementor-social-icon{border-radius:50%}<\/style>\t\t<div class=\"elementor-social-icons-wrapper elementor-grid\">\n\t\t\t\t\t\t\t<span class=\"elementor-grid-item\">\n\t\t\t\t\t<a class=\"elementor-icon elementor-social-icon elementor-social-icon-facebook elementor-repeater-item-df21b6d\" target=\"_blank\">\n\t\t\t\t\t\t<span class=\"elementor-screen-only\">Facebook<\/span>\n\t\t\t\t\t\t<i class=\"fab fa-facebook\"><\/i>\t\t\t\t\t<\/a>\n\t\t\t\t<\/span>\n\t\t\t\t\t\t\t<span class=\"elementor-grid-item\">\n\t\t\t\t\t<a class=\"elementor-icon elementor-social-icon elementor-social-icon-twitter elementor-repeater-item-edc8873\" target=\"_blank\">\n\t\t\t\t\t\t<span class=\"elementor-screen-only\">Twitter<\/span>\n\t\t\t\t\t\t<i class=\"fab fa-twitter\"><\/i>\t\t\t\t\t<\/a>\n\t\t\t\t<\/span>\n\t\t\t\t\t\t\t<span class=\"elementor-grid-item\">\n\t\t\t\t\t<a class=\"elementor-icon elementor-social-icon elementor-social-icon-linkedin elementor-repeater-item-3612900\" target=\"_blank\">\n\t\t\t\t\t\t<span class=\"elementor-screen-only\">Linkedin<\/span>\n\t\t\t\t\t\t<i class=\"fab fa-linkedin\"><\/i>\t\t\t\t\t<\/a>\n\t\t\t\t<\/span>\n\t\t\t\t\t\t\t<span class=\"elementor-grid-item\">\n\t\t\t\t\t<a class=\"elementor-icon elementor-social-icon elementor-social-icon-instagram elementor-repeater-item-905f00d\" target=\"_blank\">\n\t\t\t\t\t\t<span class=\"elementor-screen-only\">Instagram<\/span>\n\t\t\t\t\t\t<i class=\"fab fa-instagram\"><\/i>\t\t\t\t\t<\/a>\n\t\t\t\t<\/span>\n\t\t\t\t\t<\/div>\n\t\t\t\t<\/div>\n\t\t\t\t<\/div>\n\t\t\t\t\t<\/div>\n\t\t<\/div>\n\t\t\t\t\t\t\t<\/div>\n\t\t<\/section>\n\t\t\t\t<section class=\"elementor-section elementor-top-section elementor-element elementor-element-4aef223 elementor-section-boxed elementor-section-height-default elementor-section-height-default\" data-id=\"4aef223\" data-element_type=\"section\">\n\t\t\t\t\t\t<div class=\"elementor-container elementor-column-gap-default\">\n\t\t\t\t\t<div class=\"elementor-column elementor-col-100 elementor-top-column elementor-element elementor-element-6cb49ba\" data-id=\"6cb49ba\" data-element_type=\"column\">\n\t\t\t<div class=\"elementor-widget-wrap elementor-element-populated\">\n\t\t\t\t\t\t\t\t<div class=\"elementor-element elementor-element-ab67920 elementor-widget elementor-widget-google_maps\" data-id=\"ab67920\" data-element_type=\"widget\" data-widget_type=\"google_maps.default\">\n\t\t\t\t<div class=\"elementor-widget-container\">\n\t\t\t<style>\/*! elementor - v3.10.2 - 29-01-2023 *\/\n.elementor-widget-google_maps .elementor-widget-container{overflow:hidden}.elementor-widget-google_maps iframe{height:300px}<\/style>\t\t<div class=\"elementor-custom-embed\">\n\t\t\t<iframe loading=\"lazy\"\n\t\t\t\t\tsrc=\"https:\/\/maps.google.com\/maps?q=Av.%20Corrientes%20311%2C%20C1043AAD%20CABA&#038;t=m&#038;z=14&#038;output=embed&#038;iwloc=near\"\n\t\t\t\t\ttitle=\"Av. Corrientes 311, C1043AAD CABA\"\n\t\t\t\t\taria-label=\"Av. Corrientes 311, C1043AAD CABA\"\n\t\t\t><\/iframe>\n\t\t<\/div>\n\t\t\t\t<\/div>\n\t\t\t\t<\/div>\n\t\t\t\t\t<\/div>\n\t\t<\/div>\n\t\t\t\t\t\t\t<\/div>\n\t\t<\/section>\n\t\t\t\t<section class=\"elementor-section elementor-top-section elementor-element elementor-element-6dd9d21 elementor-section-boxed elementor-section-height-default elementor-section-height-default\" data-id=\"6dd9d21\" data-element_type=\"section\">\n\t\t\t\t\t\t<div class=\"elementor-container elementor-column-gap-default\">\n\t\t\t\t\t<div class=\"elementor-column elementor-col-100 elementor-top-column elementor-element elementor-element-8aad346\" data-id=\"8aad346\" data-element_type=\"column\">\n\t\t\t<div class=\"elementor-widget-wrap elementor-element-populated\">\n\t\t\t\t\t\t\t\t<div class=\"elementor-element elementor-element-096a383 elementor-widget elementor-widget-shortcode\" data-id=\"096a383\" data-element_type=\"widget\" data-widget_type=\"shortcode.default\">\n\t\t\t\t<div class=\"elementor-widget-container\">\n\t\t\t\t\t<div class=\"elementor-shortcode\"><div id=\"cscf\" class=\"cscfBlock\">\t<div class=\"cscfMessageSent\" style=\"display:none;\">\t\t<h3>Mensaje enviado<\/h3><p>Gracias por su mensaje, nos pondremos en contacto a la brevedad. <\/p>\t<\/div>\t<div class=\"cscfMessageNotSent\" style=\"display:none;\">\t\t<p>Lo sentimos, ha habido un error. Tu mensaje no se ha enviado.<\/p>\t<\/div>\t<div class=\"cscfForm\">\t\t<p>Ingresa tus datos de contacto, un mensaje corto abajo y lo contestaremos lo m\u00e1s pronto posible.<\/p>\t\t<form role=\"form\" id=\"frmCSCF\" name=\"frmCSCF\" method=\"post\">\t\t\t<input type=\"hidden\" id=\"cscf_nonce\" name=\"cscf_nonce\" value=\"6323bc380c\" \/><input type=\"hidden\" name=\"_wp_http_referer\" value=\"\/index.php\/wp-json\/wp\/v2\/pages\/553\" \/>\t\t\t<input type=\"hidden\" name=\"post-id\" value=\"553\">\t\t\t\t\t\t<!-- name -->\t\t\t<div class=\"control-group form-group\">\t\t\t\t<label for=\"cscf_name\">Nombre:<\/label>\t\t\t\t<div class=\"\">\t\t\t\t\t\t\t\t\t\t<input class=\"form-control input-xlarge\"\t\t\t\t\t       data-rule-required=\"true\"\t\t\t\t\t       data-msg-required=\"Porfavor ingresa tu nombre.\"\t\t\t\t\t       type=\"text\" id=\"cscf_name\" name=\"cscf[name]\"\t\t\t\t\t       value=\"\"\t\t\t\t\t       placeholder=\"Tu Nombre:\"\t\t\t\t\t\t\/>\t\t\t\t<\/div>                <span for=\"cscf_name\" class=\"help-inline help-block error\"                      style=\"display:none;\">                                    <\/span>\t\t\t<\/div>\t\t\t<!--email address-->\t\t\t<div class=\"control-group form-group\">\t\t\t\t<label for=\"cscf_email\">Direcci\u00f3n de correo electr\u00f3nico:<\/label>\t\t\t\t<div class=\"\">\t\t\t\t\t\t\t\t\t\t<input class=\"form-control input-xlarge\"\t\t\t\t\t       data-rule-required=\"true\"\t\t\t\t\t       data-rule-email=\"true\"\t\t\t\t\t       data-msg-required=\"Por favor ingresa tu correo electr\u00f3nico\"\t\t\t\t\t       data-msg-email=\"Por favor ingresa una direcci\u00f3n de correo electr\u00f3nico v\u00e1lida.\"\t\t\t\t\t       type=\"email\" id=\"cscf_email\" name=\"cscf[email]\"\t\t\t\t\t       value=\"\"\t\t\t\t\t       placeholder=\"Tu direcci\u00f3n de correo electr\u00f3nico:\"\t\t\t\t\t\t\/>\t\t\t\t<\/div>                <span for=\"cscf_email\" class=\"help-inline help-block error\"                      style=\"display:none;\">                                    <\/span>\t\t\t<\/div>\t\t\t\t\t\t\t<!--confirm email address -->\t\t\t\t<div class=\"control-group form-group\">\t\t\t\t\t<label for=\"cscf_confirm-email\">Confirma tu direcci\u00f3n de correo electr\u00f3nico:<\/label>\t\t\t\t\t<div class=\"\">\t\t\t\t\t\t\t\t\t\t\t\t<input class=\"form-control input-xlarge\"\t\t\t\t\t\t       data-rule-required=\"true\"\t\t\t\t\t\t       data-rule-email=\"true\"\t\t\t\t\t\t       data-rule-equalTo=\"#cscf_email\"\t\t\t\t\t\t       data-msg-required=\"Por favor ingresa la misma direcci\u00f3n de correo electr\u00f3nico de nuevo.\"\t\t\t\t\t\t       data-msg-email=\"Por favor ingresa una direcci\u00f3n de correo electr\u00f3nico v\u00e1lida.\"\t\t\t\t\t\t       data-msg-equalTo=\"Por favor ingresa la misma direcci\u00f3n de correo electr\u00f3nico de nuevo.\"\t\t\t\t\t\t       type=\"email\" id=\"cscf_confirm-email\" name=\"cscf[confirm-email]\"\t\t\t\t\t\t       value=\"\"\t\t\t\t\t\t       placeholder=\"Confirma tu direcci\u00f3n de correo electr\u00f3nico\"\t\t\t\t\t\t\t\/>\t\t\t\t\t<\/div>                <span for=\"cscf_confirm-email\" class=\"help-inline help-block error\"                      style=\"display:none;\">                                    <\/span>\t\t\t\t<\/div>\t\t\t\t\t\t<!-- message -->\t\t\t<div class=\"control-group form-group\">\t\t\t\t<label for=\"cscf_message\">Mensaje:<\/label>\t\t\t\t<div class=\"\">\t\t\t\t\t\t\t\t\t\t<textarea class=\"form-control input-xlarge\"\t\t\t\t\t          data-rule-required=\"true\"\t\t\t\t\t          data-msg-required=\"Por favor ingresa un mensaje.\"\t\t\t\t\t          id=\"cscf_message\" name=\"cscf[message]\" rows=\"10\"\t\t\t\t\t          placeholder=\"Tu Mensaje\"><\/textarea>\t\t\t\t<\/div>\t\t\t\t\t<span for=\"cscf_message\" class=\"help-inline help-block error\"\t\t\t\t\t      style=\"display:none;\">                                    <\/span>\t\t\t<\/div>\t\t\t\t\t\t\t\t\t<!-- recaptcha -->\t\t\t\t\t\t\t<div class=\"control-group form-group\">\t\t\t\t\t<div id=\"recaptcha_div\">\t\t\t\t\t\t<div class=\"g-recaptcha\" data-theme=\"light\"\t\t\t\t\t\t     data-sitekey=\"6LfF2zskAAAAAF2Hi-GDdez5FkuSxcm95pPIbTRo\"><\/div>\t\t\t\t\t\t<div for=\"cscf_recaptcha\"\t\t\t\t\t\t     class=\"help-block has-error error\"><\/div>\t\t\t\t\t\t<noscript>\t\t\t\t\t\t\t<div style=\"width: 302px; height: 422px;\">\t\t\t\t\t\t\t\t<div style=\"width: 302px; height: 422px; position: relative;\">\t\t\t\t\t\t\t\t\t<div style=\"width: 302px; height: 422px; position: absolute;\">\t\t\t\t\t\t\t\t\t\t<iframe\t\t\t\t\t\t\t\t\t\t\tsrc=\"https:\/\/www.google.com\/recaptcha\/api\/fallback?k=6LfF2zskAAAAAF2Hi-GDdez5FkuSxcm95pPIbTRo\"\t\t\t\t\t\t\t\t\t\t\tframeborder=\"0\" scrolling=\"no\"\t\t\t\t\t\t\t\t\t\t\tstyle=\"width: 302px; height:422px; border-style: none;\">\t\t\t\t\t\t\t\t\t\t<\/iframe>\t\t\t\t\t\t\t\t\t<\/div>\t\t\t\t\t\t\t\t\t<div style=\"width: 300px; height: 60px; border-style: none;                  bottom: 12px; left: 25px; margin: 0px; padding: 0px; right: 25px;                  background: #f9f9f9; border: 1px solid #c1c1c1; border-radius: 3px;\">        <textarea id=\"g-recaptcha-response\" name=\"g-recaptcha-response\"                  class=\"g-recaptcha-response\"                  style=\"width: 250px; height: 40px; border: 1px solid #c1c1c1;                         margin: 10px 25px; padding: 0px; resize: none;\">        <\/textarea>\t\t\t\t\t\t\t\t\t<\/div>\t\t\t\t\t\t\t\t<\/div>\t\t\t\t\t\t\t<\/div>\t\t\t\t\t\t<\/noscript>\t\t\t\t\t<\/div>\t\t\t\t<\/div>\t\t\t\t\t\t<input type=\"submit\" id=\"cscf_SubmitButton\" class=\"btn btn-default\" value=\"Enviar mensaje\"\/>\t\t<\/form>\t<\/div><\/div> <\/div>\n\t\t\t\t<\/div>\n\t\t\t\t<\/div>\n\t\t\t\t\t<\/div>\n\t\t<\/div>\n\t\t\t\t\t\t\t<\/div>\n\t\t<\/section>\n\t\t\t\t\t\t\t<\/div>\n\t\t","protected":false},"excerpt":{"rendered":"<p>Cont\u00e1ctenos Comentarios o Preguntas son bienvenidos. Email mundo@mundobursatil.net DIRECCION Av. Corrientes 311 Piso 13 Buenos Aires Argentina Tel: 5411 4393 &#8211; 0700 [&hellip;]<\/p>\n","protected":false},"author":1,"featured_media":0,"parent":0,"menu_order":0,"comment_status":"closed","ping_status":"closed","template":"page-templates\/page_front-page.php","meta":{"footnotes":""},"class_list":["post-553","page","type-page","status-publish","hentry"],"_links":{"self":[{"href":"https:\/\/sitio.mundobursatil.net\/index.php\/wp-json\/wp\/v2\/pages\/553","targetHints":{"allow":["GET"]}}],"collection":[{"href":"https:\/\/sitio.mundobursatil.net\/index.php\/wp-json\/wp\/v2\/pages"}],"about":[{"href":"https:\/\/sitio.mundobursatil.net\/index.php\/wp-json\/wp\/v2\/types\/page"}],"author":[{"embeddable":true,"href":"https:\/\/sitio.mundobursatil.net\/index.php\/wp-json\/wp\/v2\/users\/1"}],"replies":[{"embeddable":true,"href":"https:\/\/sitio.mundobursatil.net\/index.php\/wp-json\/wp\/v2\/comments?post=553"}],"version-history":[{"count":20,"href":"https:\/\/sitio.mundobursatil.net\/index.php\/wp-json\/wp\/v2\/pages\/553\/revisions"}],"predecessor-version":[{"id":840,"href":"https:\/\/sitio.mundobursatil.net\/index.php\/wp-json\/wp\/v2\/pages\/553\/revisions\/840"}],"wp:attachment":[{"href":"https:\/\/sitio.mundobursatil.net\/index.php\/wp-json\/wp\/v2\/media?parent=553"}],"curies":[{"name":"wp","href":"https:\/\/api.w.org\/{rel}","templated":true}]}}